{"id":1142,"date":"2025-07-22T13:03:57","date_gmt":"2025-07-22T11:03:57","guid":{"rendered":"http:\/\/tsiula.disstintbeta.com\/?page_id=1142"},"modified":"2025-07-29T12:00:30","modified_gmt":"2025-07-29T10:00:30","slug":"politica-de-cookies","status":"publish","type":"page","link":"https:\/\/tsiula.com\/es\/politica-de-cookies\/","title":{"rendered":"Pol\u00edtica de Cookies"},"content":{"rendered":"\t\t<div data-elementor-type=\"wp-page\" data-elementor-id=\"1142\" class=\"elementor elementor-1142\" data-elementor-post-type=\"page\">\n\t\t\t\t<div class=\"elementor-element elementor-element-3bd82c4 e-flex e-con-boxed e-con e-parent\" data-id=\"3bd82c4\" data-element_type=\"container\" data-e-type=\"container\">\n\t\t\t\t\t<div class=\"e-con-inner\">\n\t\t\t\t<div class=\"elementor-element elementor-element-61eee90 elementor-widget elementor-widget-heading\" data-id=\"61eee90\" data-element_type=\"widget\" data-e-type=\"widget\" data-widget_type=\"heading.default\">\n\t\t\t\t\t<h1 class=\"elementor-heading-title elementor-size-default\">Pol\u00edtica de Cookies<\/h1>\t\t\t\t<\/div>\n\t\t\t\t<div class=\"elementor-element elementor-element-4a9b202 elementor-widget elementor-widget-text-editor\" data-id=\"4a9b202\" data-element_type=\"widget\" data-e-type=\"widget\" data-widget_type=\"text-editor.default\">\n\t\t\t\t\t\t\t\t\t<p><b>Resumen<\/b><\/p>\n<ul>\n<li>Cookies utilizadas: Propias y de Terceros<\/li>\n<li>\u00bfSe utilizan para obtener estad\u00edsticas? S\u00ed<\/li>\n<li>\u00bfSe utilizan para publicidad? S\u00ed<\/li>\n<\/ul>\n<p><br>C\u00f3mo configurar y desactivar las cookies<\/p>\n<p>Puedes permitir, bloquear o eliminar las cookies instaladas en tu dispositivo desde tu navegador web. Si no permites la instalaci\u00f3n de cookies en tu dispositivo, es posible que la experiencia de navegaci\u00f3n se vea afectada. A continuaci\u00f3n, puedes encontrar c\u00f3mo configurar las cookies en cada navegador:<\/p>\n<ul>\n<li><a href=\"https:\/\/support.microsoft.com\/es-es\/windows\/administrar-cookies-en-microsoft-edge-ver-permitir-bloquear-eliminar-y-usar-168dab11-0753-043d-7c16-ede5947fc64d\" target=\"_blank\" rel=\"noopener noreferrer\">Edge<\/a><\/li>\n<li><a href=\"https:\/\/support.google.com\/chrome\/answer\/95647?co=GENIE.Platform%3DDesktop&amp;hl=es-419\" target=\"_blank\" rel=\"noopener noreferrer\">Google Chrome<\/a><\/li>\n<li><a href=\"https:\/\/support.google.com\/accounts\/answer\/61416?co=GENIE.Platform%3DAndroid&amp;hl=es-419\" target=\"_blank\" rel=\"noopener noreferrer\">Google Android<\/a><\/li>\n<li><a href=\"https:\/\/support.microsoft.com\/es-es\/topic\/descripci%C3%B3n-de-las-cookies-ad01aa7e-66c9-8ab2-7898-6652c100999d\" target=\"_blank\" rel=\"noopener noreferrer\">Internet Explorer 8<\/a><\/li>\n<li><a href=\"https:\/\/support.microsoft.com\/es-es\/topic\/descripci%C3%B3n-de-las-cookies-ad01aa7e-66c9-8ab2-7898-6652c100999d\" target=\"_blank\" rel=\"noopener noreferrer\">Internet Explorer 9<\/a><\/li>\n<li><a href=\"https:\/\/support.microsoft.com\/es-es\/office\/habilitar-las-cookies-6b018d22-1d24-43d9-8543-3d35ddb2cb52\" target=\"_blank\" rel=\"noopener noreferrer\">Internet Explorer 11<\/a><\/li>\n<li><a href=\"https:\/\/support.mozilla.org\/es\/kb\/cookies-informacion-que-los-sitios-web-guardan-en-\" target=\"_blank\" rel=\"noopener noreferrer\">Mozilla Firefox<\/a><\/li>\n<li><a href=\"https:\/\/help.opera.com\/en\/latest\/web-preferences\/#cookies\" target=\"_blank\" rel=\"noopener noreferrer\">Opera<\/a><\/li>\n<li><a href=\"https:\/\/support.apple.com\/es-es\/102564\" target=\"_blank\" rel=\"noopener noreferrer\">Safari<\/a><\/li>\n<li><a href=\"https:\/\/support.apple.com\/es-es\/guide\/iphone\/iph1ec277219\/ios\" target=\"_blank\" rel=\"noopener noreferrer\">Safari M\u00f3vil<\/a><\/li>\n<li><a href=\"brave:\/\/settings\/content\/all\" target=\"_blank\" rel=\"noopener noreferrer\">Brave<\/a><\/li>\n<\/ul>\n<p><b><br>1.- Tipos y usos<\/b><\/p>\n<p>El servicio utiliza cookies propias y de terceros para mejorar la navegaci\u00f3n, proporcionar el servicio y obtener estad\u00edsticas sobre el uso de la p\u00e1gina web.<\/p>\n<p><b>2.- \u00bfQu\u00e9 es una cookie y para qu\u00e9 sirve?<\/b><\/p>\n<p>Una cookie es un archivo de texto que se env\u00eda al navegador web de tu ordenador, m\u00f3vil o tablet y que sirve para almacenar y recuperar informaci\u00f3n sobre la navegaci\u00f3n realizada. Por ejemplo, recordar tu nombre de usuario y contrase\u00f1a o las preferencias de tu perfil.<\/p>\n<p><b>3.- \u00bfQu\u00e9 tipos de cookies hay?<\/b><\/p>\n<p>Seg\u00fan qui\u00e9n las gestione:<\/p>\n<ul>\n<li>Cookies propias: se env\u00edan a tu navegador desde nuestros propios equipos o dominios web.<\/li>\n<li>Cookies de terceros: se env\u00edan a tu navegador desde un equipo o dominio web que no gestionamos directamente, sino una entidad tercera como, por ejemplo, Google.<\/li>\n<\/ul>\n<p><br>En funci\u00f3n del tiempo que est\u00e1n activas:<\/p>\n<ul>\n<li>Cookies de sesi\u00f3n: permanecen en el archivo de cookies de tu navegador hasta que abandonas la p\u00e1gina web, por lo que no queda ninguna en tu dispositivo.<\/li>\n<li>Cookies persistentes: permanecen en tu dispositivo y nuestra web las lee cada vez que realizas una nueva visita. Estas cookies dejan de funcionar pasada una fecha concreta.<\/li>\n<\/ul>\n<p><br>Finalmente, seg\u00fan su finalidad:<\/p>\n<ul>\n<li>Cookies t\u00e9cnicas: mejoran la navegaci\u00f3n y el buen funcionamiento de la web.<\/li>\n<li>Cookies de personalizaci\u00f3n: permiten acceder al servicio con unas caracter\u00edsticas predefinidas en funci\u00f3n de una serie de criterios.<\/li>\n<li>Cookies de an\u00e1lisis: permiten medir y analizar estad\u00edsticamente el uso que se hace del servicio prestado.<\/li>\n<\/ul>\n<p><br>Cookies utilizadas:<\/p>\n<table>\n<thead>\n<tr>\n<th>Nombre<\/th>\n<th>Origen<\/th>\n<th>Finalidad<\/th>\n<th>Tipo<\/th>\n<th>Caducidad<\/th>\n<\/tr>\n<\/thead>\n<tbody>\n<tr>\n<td><span style=\"font-size: 14.4px;\">wp-wpml_current_language<\/span><\/td>\n<td>Propia<\/td>\n<td>Idioma<\/td>\n<td>T\u00e9cnica<\/td>\n<td>1 d\u00eda<\/td>\n<\/tr>\n<tr>\n<td><span style=\"font-size: 14.4px;\">_ga<\/span><\/td>\n<td>Terceros<\/td>\n<td>Anal\u00edtica<\/td>\n<td>An\u00e1lisis<\/td>\n<td>2 a\u00f1os<\/td>\n<\/tr>\n<tr>\n<td><span style=\"font-size: 14.4px;\">_ga_NB331S69E7<\/span><\/td>\n<td>Terceros<\/td>\n<td>Anal\u00edtica<\/td>\n<td>An\u00e1lisis<\/td>\n<td>2 a\u00f1os<\/td>\n<\/tr>\n<tr>\n<td><span style=\"font-size: 14.4px;\">cookieconsent_status<\/span><\/td>\n<td>Propia<\/td>\n<td>Consentimiento<\/td>\n<td>T\u00e9cnica<\/td>\n<td>1 a\u00f1o<\/td>\n<\/tr>\n<\/tbody>\n<\/table>\t\t\t\t\t\t\t\t<\/div>\n\t\t\t\t\t<\/div>\n\t\t\t\t<\/div>\n\t\t\t\t<\/div>\n\t\t","protected":false},"excerpt":{"rendered":"<p>Resumen Cookies utilizadas: Propias y de Terceros \u00bfSe utilizan para obtener estad\u00edsticas? S\u00ed \u00bfSe utilizan para publicidad? S\u00ed C\u00f3mo configurar y desactivar las cookies Puedes permitir, bloquear o eliminar las cookies instaladas en tu dispositivo desde tu navegador web. Si no permites la instalaci\u00f3n de cookies en tu dispositivo, es posible que la experiencia de [&hellip;]<\/p>\n","protected":false},"author":1,"featured_media":0,"parent":0,"menu_order":0,"comment_status":"closed","ping_status":"closed","template":"","meta":{"_acf_changed":false,"footnotes":""},"class_list":["post-1142","page","type-page","status-publish","hentry"],"acf":[],"yoast_head":"<!-- This site is optimized with the Yoast SEO plugin v26.7 - https:\/\/yoast.com\/wordpress\/plugins\/seo\/ -->\n<title>Pol\u00edtica de Cookies - Tsiula<\/title>\n<meta name=\"robots\" content=\"noindex, nofollow\" \/>\n<meta property=\"og:locale\" content=\"es_ES\" \/>\n<meta property=\"og:type\" content=\"article\" \/>\n<meta property=\"og:title\" content=\"Pol\u00edtica de Cookies - Tsiula\" \/>\n<meta property=\"og:description\" content=\"Resumen Cookies utilizadas: Propias y de Terceros \u00bfSe utilizan para obtener estad\u00edsticas? S\u00ed \u00bfSe utilizan para publicidad? S\u00ed C\u00f3mo configurar y desactivar las cookies Puedes permitir, bloquear o eliminar las cookies instaladas en tu dispositivo desde tu navegador web. Si no permites la instalaci\u00f3n de cookies en tu dispositivo, es posible que la experiencia de [&hellip;]\" \/>\n<meta property=\"og:url\" content=\"https:\/\/tsiula.com\/es\/politica-de-cookies\/\" \/>\n<meta property=\"og:site_name\" content=\"Tsiula\" \/>\n<meta property=\"article:modified_time\" content=\"2025-07-29T10:00:30+00:00\" \/>\n<meta name=\"twitter:card\" content=\"summary_large_image\" \/>\n<meta name=\"twitter:label1\" content=\"Tiempo de lectura\" \/>\n\t<meta name=\"twitter:data1\" content=\"2 minutos\" \/>\n<script type=\"application\/ld+json\" class=\"yoast-schema-graph\">{\"@context\":\"https:\/\/schema.org\",\"@graph\":[{\"@type\":\"WebPage\",\"@id\":\"https:\/\/tsiula.com\/es\/politica-de-cookies\/\",\"url\":\"https:\/\/tsiula.com\/es\/politica-de-cookies\/\",\"name\":\"Pol\u00edtica de Cookies - Tsiula\",\"isPartOf\":{\"@id\":\"https:\/\/tsiula.com\/es\/#website\"},\"datePublished\":\"2025-07-22T11:03:57+00:00\",\"dateModified\":\"2025-07-29T10:00:30+00:00\",\"breadcrumb\":{\"@id\":\"https:\/\/tsiula.com\/es\/politica-de-cookies\/#breadcrumb\"},\"inLanguage\":\"es\",\"potentialAction\":[{\"@type\":\"ReadAction\",\"target\":[\"https:\/\/tsiula.com\/es\/politica-de-cookies\/\"]}]},{\"@type\":\"BreadcrumbList\",\"@id\":\"https:\/\/tsiula.com\/es\/politica-de-cookies\/#breadcrumb\",\"itemListElement\":[{\"@type\":\"ListItem\",\"position\":1,\"name\":\"Portada\",\"item\":\"https:\/\/tsiula.com\/es\/\"},{\"@type\":\"ListItem\",\"position\":2,\"name\":\"Pol\u00edtica de Cookies\"}]},{\"@type\":\"WebSite\",\"@id\":\"https:\/\/tsiula.com\/es\/#website\",\"url\":\"https:\/\/tsiula.com\/es\/\",\"name\":\"Tsiula\",\"description\":\"\",\"publisher\":{\"@id\":\"https:\/\/tsiula.com\/es\/#organization\"},\"potentialAction\":[{\"@type\":\"SearchAction\",\"target\":{\"@type\":\"EntryPoint\",\"urlTemplate\":\"https:\/\/tsiula.com\/es\/?s={search_term_string}\"},\"query-input\":{\"@type\":\"PropertyValueSpecification\",\"valueRequired\":true,\"valueName\":\"search_term_string\"}}],\"inLanguage\":\"es\"},{\"@type\":\"Organization\",\"@id\":\"https:\/\/tsiula.com\/es\/#organization\",\"name\":\"Tsiula\",\"url\":\"https:\/\/tsiula.com\/es\/\",\"logo\":{\"@type\":\"ImageObject\",\"inLanguage\":\"es\",\"@id\":\"https:\/\/tsiula.com\/es\/#\/schema\/logo\/image\/\",\"url\":\"https:\/\/tsiula.com\/wp-content\/uploads\/2025\/07\/logo-pintures-tsiula-1.svg\",\"contentUrl\":\"https:\/\/tsiula.com\/wp-content\/uploads\/2025\/07\/logo-pintures-tsiula-1.svg\",\"width\":158,\"height\":80,\"caption\":\"Tsiula\"},\"image\":{\"@id\":\"https:\/\/tsiula.com\/es\/#\/schema\/logo\/image\/\"}}]}<\/script>\n<!-- \/ Yoast SEO plugin. -->","yoast_head_json":{"title":"Pol\u00edtica de Cookies - Tsiula","robots":{"index":"noindex","follow":"nofollow"},"og_locale":"es_ES","og_type":"article","og_title":"Pol\u00edtica de Cookies - Tsiula","og_description":"Resumen Cookies utilizadas: Propias y de Terceros \u00bfSe utilizan para obtener estad\u00edsticas? S\u00ed \u00bfSe utilizan para publicidad? S\u00ed C\u00f3mo configurar y desactivar las cookies Puedes permitir, bloquear o eliminar las cookies instaladas en tu dispositivo desde tu navegador web. Si no permites la instalaci\u00f3n de cookies en tu dispositivo, es posible que la experiencia de [&hellip;]","og_url":"https:\/\/tsiula.com\/es\/politica-de-cookies\/","og_site_name":"Tsiula","article_modified_time":"2025-07-29T10:00:30+00:00","twitter_card":"summary_large_image","twitter_misc":{"Tiempo de lectura":"2 minutos"},"schema":{"@context":"https:\/\/schema.org","@graph":[{"@type":"WebPage","@id":"https:\/\/tsiula.com\/es\/politica-de-cookies\/","url":"https:\/\/tsiula.com\/es\/politica-de-cookies\/","name":"Pol\u00edtica de Cookies - Tsiula","isPartOf":{"@id":"https:\/\/tsiula.com\/es\/#website"},"datePublished":"2025-07-22T11:03:57+00:00","dateModified":"2025-07-29T10:00:30+00:00","breadcrumb":{"@id":"https:\/\/tsiula.com\/es\/politica-de-cookies\/#breadcrumb"},"inLanguage":"es","potentialAction":[{"@type":"ReadAction","target":["https:\/\/tsiula.com\/es\/politica-de-cookies\/"]}]},{"@type":"BreadcrumbList","@id":"https:\/\/tsiula.com\/es\/politica-de-cookies\/#breadcrumb","itemListElement":[{"@type":"ListItem","position":1,"name":"Portada","item":"https:\/\/tsiula.com\/es\/"},{"@type":"ListItem","position":2,"name":"Pol\u00edtica de Cookies"}]},{"@type":"WebSite","@id":"https:\/\/tsiula.com\/es\/#website","url":"https:\/\/tsiula.com\/es\/","name":"Tsiula","description":"","publisher":{"@id":"https:\/\/tsiula.com\/es\/#organization"},"potentialAction":[{"@type":"SearchAction","target":{"@type":"EntryPoint","urlTemplate":"https:\/\/tsiula.com\/es\/?s={search_term_string}"},"query-input":{"@type":"PropertyValueSpecification","valueRequired":true,"valueName":"search_term_string"}}],"inLanguage":"es"},{"@type":"Organization","@id":"https:\/\/tsiula.com\/es\/#organization","name":"Tsiula","url":"https:\/\/tsiula.com\/es\/","logo":{"@type":"ImageObject","inLanguage":"es","@id":"https:\/\/tsiula.com\/es\/#\/schema\/logo\/image\/","url":"https:\/\/tsiula.com\/wp-content\/uploads\/2025\/07\/logo-pintures-tsiula-1.svg","contentUrl":"https:\/\/tsiula.com\/wp-content\/uploads\/2025\/07\/logo-pintures-tsiula-1.svg","width":158,"height":80,"caption":"Tsiula"},"image":{"@id":"https:\/\/tsiula.com\/es\/#\/schema\/logo\/image\/"}}]}},"_links":{"self":[{"href":"https:\/\/tsiula.com\/es\/wp-json\/wp\/v2\/pages\/1142","targetHints":{"allow":["GET"]}}],"collection":[{"href":"https:\/\/tsiula.com\/es\/wp-json\/wp\/v2\/pages"}],"about":[{"href":"https:\/\/tsiula.com\/es\/wp-json\/wp\/v2\/types\/page"}],"author":[{"embeddable":true,"href":"https:\/\/tsiula.com\/es\/wp-json\/wp\/v2\/users\/1"}],"replies":[{"embeddable":true,"href":"https:\/\/tsiula.com\/es\/wp-json\/wp\/v2\/comments?post=1142"}],"version-history":[{"count":16,"href":"https:\/\/tsiula.com\/es\/wp-json\/wp\/v2\/pages\/1142\/revisions"}],"predecessor-version":[{"id":1356,"href":"https:\/\/tsiula.com\/es\/wp-json\/wp\/v2\/pages\/1142\/revisions\/1356"}],"wp:attachment":[{"href":"https:\/\/tsiula.com\/es\/wp-json\/wp\/v2\/media?parent=1142"}],"curies":[{"name":"wp","href":"https:\/\/api.w.org\/{rel}","templated":true}]}}